{"id":40943,"date":"2021-10-18T12:26:25","date_gmt":"2021-10-18T10:26:25","guid":{"rendered":"http:\/\/orangenkinder.concloo.net\/dealer-list\/"},"modified":"2025-12-09T09:09:16","modified_gmt":"2025-12-09T08:09:16","slug":"dealer-list","status":"publish","type":"page","link":"https:\/\/orangenkinder.concloo.net\/en\/dealer-list\/","title":{"rendered":"Dealer list"},"content":{"rendered":"<div class=\"fusion-fullwidth fullwidth-box fusion-builder-row-1 fusion-flex-container nonhundred-percent-fullwidth non-hundred-percent-height-scrolling\" style=\"--awb-border-radius-top-left:0px;--awb-border-radius-top-right:0px;--awb-border-radius-bottom-right:0px;--awb-border-radius-bottom-left:0px;--awb-flex-wrap:wrap;\" ><div class=\"fusion-builder-row fusion-row fusion-flex-align-items-flex-start fusion-flex-content-wrap\" style=\"max-width:1248px;margin-left: calc(-4% \/ 2 );margin-right: calc(-4% \/ 2 );\"><div class=\"fusion-layout-column fusion_builder_column fusion-builder-column-0 fusion_builder_column_1_1 1_1 fusion-flex-column\" style=\"--awb-bg-size:cover;--awb-width-large:100%;--awb-margin-top-large:0px;--awb-spacing-right-large:1.92%;--awb-margin-bottom-large:20px;--awb-spacing-left-large:1.92%;--awb-width-medium:100%;--awb-order-medium:0;--awb-spacing-right-medium:1.92%;--awb-spacing-left-medium:1.92%;--awb-width-small:100%;--awb-order-small:0;--awb-spacing-right-small:1.92%;--awb-spacing-left-small:1.92%;\"><div class=\"fusion-column-wrapper fusion-column-has-shadow fusion-flex-justify-content-flex-start fusion-content-layout-column\"><div class=\"fusion-text fusion-text-1\"><p style=\"text-align: center;\">In all these stores you can try on and of course buy the Orangenkinder shoes.<br \/>\nIs your trusted shoe dealer not on the list? No problem, just ask them about it! <\/p>\n<\/div><div class=\"fusion-text fusion-text-2\">\r\n            \r\n            \r\n            \r\n            <a name='map1'><\/a>\r\n            \r\n            \r\n            \r\n            \r\n            <div class=\"wpgmza_map \"  id=\"wpgmza_map_1\" style=\"display:block; overflow:auto; width:100%; height:600px; float:left;\" data-settings='{\"id\":\"1\",\"map_title\":\"H\\u00e4ndlerliste\",\"map_width\":\"100\",\"map_height\":\"600\",\"map_start_lat\":\"48.314593914386585\",\"map_start_lng\":\"11.662610399986058\",\"map_start_location\":\"45.950464398418106,-109.81550500000003\",\"map_start_zoom\":\"10\",\"default_marker\":\"{\\\"url\\\":\\\"\\\/\\\/orangenkinder.com\\\/wp-content\\\/uploads\\\/2024\\\/01\\\/orangenkinder_col_logo100px.png\\\",\\\"retina\\\":true}\",\"type\":\"1\",\"alignment\":\"4\",\"directions_enabled\":\"0\",\"styling_enabled\":\"0\",\"styling_json\":\"\",\"active\":\"0\",\"kml\":\"\",\"bicycle\":\"0\",\"traffic\":\"0\",\"dbox\":\"1\",\"dbox_width\":\"\",\"listmarkers\":\"0\",\"listmarkers_advanced\":\"0\",\"filterbycat\":\"0\",\"ugm_enabled\":\"0\",\"ugm_category_enabled\":\"0\",\"fusion\":\"\",\"map_width_type\":\"%\",\"map_height_type\":\"px\",\"mass_marker_support\":\"0\",\"ugm_access\":\"0\",\"order_markers_by\":\"7\",\"order_markers_choice\":\"1\",\"show_user_location\":\"0\",\"default_to\":\"\",\"other_settings\":{\"map_type\":1,\"sl_stroke_color\":\"#fe8000\",\"sl_fill_color\":\"#fe8000\",\"sl_stroke_opacity\":\"1\",\"sl_fill_opacity\":\"0.5\",\"transport_layer\":false,\"action\":\"wpgmza_save_map\",\"redirect_to\":\"\\\/wp-admin\\\/admin-post.php\",\"map_id\":\"1\",\"http_referer\":\"\\\/wp-admin\\\/admin.php?page=wp-google-maps-menu&amp;amp;action=edit&amp;amp;map_id=1\",\"wpgmza_id\":\"1\",\"wpgmza_start_location\":\"48.314593914386585,11.662610399986058\",\"wpgmza_start_zoom\":\"10\",\"wpgmza_dbox_width_type\":\"%\",\"default_from\":\"\",\"directions_behaviour\":\"default\",\"force_google_directions_app\":false,\"directions_route_origin_icon\":\"\\\/\\\/orangenkinder.com\\\/wp-content\\\/uploads\\\/2024\\\/01\\\/orangenkinder_col_logo100px.png\",\"directions_origin_retina\":false,\"directions_route_destination_icon\":\"\\\/\\\/orangenkinder.com\\\/wp-content\\\/uploads\\\/2024\\\/01\\\/orangenkinder_col_logo100px.png\",\"directions_destination_retina\":false,\"directions_route_stroke_color\":\"#4f8df5\",\"directions_route_stroke_weight\":\"4\",\"directions_route_stroke_opacity\":\"0.8\",\"directions_fit_bounds_to_route\":false,\"store_locator_enabled\":true,\"store_locator_search_area\":\"radial\",\"wpgmza_store_locator_radius_style\":\"legacy\",\"wpgmza_store_locator_default_radius\":\"10\",\"store_locator_auto_area_max_zoom\":\"\",\"wpgmza_store_locator_restrict\":\"\",\"store_locator_distance\":false,\"wpgmza_store_locator_position\":true,\"store_locator_show_distance\":false,\"store_locator_category\":false,\"wpgmza_store_locator_use_their_location\":false,\"wpgmza_store_locator_bounce\":false,\"upload_default_sl_marker\":\"\",\"upload_default_sl_marker_retina\":false,\"wpgmza_sl_animation\":\"0\",\"wpgmza_store_locator_hide_before_search\":false,\"store_locator_query_string\":\"PLZ oder Ort\",\"store_locator_default_address\":\"\",\"store_locator_name_search\":false,\"store_locator_name_string\":\"\",\"store_locator_not_found_message\":\"Es konnten keine L\\u00e4den gefunden werden. Bitte vergr\\u00f6\\u00dfere deinen Radius.\",\"retina\":false,\"wpgmza_map_align\":\"1\",\"upload_default_ul_marker\":\"\",\"upload_default_ul_marker_retina\":false,\"jump_to_nearest_marker_on_initialization\":false,\"automatically_pan_to_users_location\":false,\"override_users_location_zoom_level\":false,\"override_users_location_zoom_levels\":\"\",\"show_distance_from_location\":false,\"map_max_zoom\":\"21\",\"map_min_zoom\":\"0\",\"click_open_link\":false,\"fit_maps_bounds_to_markers\":false,\"fit_maps_bounds_to_markers_after_filtering\":false,\"hide_point_of_interest\":false,\"wpgmza_zoom_on_marker_click\":false,\"wpgmza_zoom_on_marker_click_slider\":\"\",\"close_infowindow_on_map_click\":false,\"disable_lightbox_images\":false,\"use_Raw_Jpeg_Coordinates\":false,\"polygon_labels\":false,\"disable_polygon_info_windows\":false,\"enable_advanced_custom_fields_integration\":false,\"enable_toolset_woocommerce_integration\":false,\"only_load_markers_within_viewport\":false,\"iw_primary_color\":\"#000000\",\"iw_accent_color\":\"#000000\",\"iw_text_color\":\"#000000\",\"wpgmza_listmarkers_by\":\"4\",\"wpgmza_marker_listing_position\":false,\"zoom_level_on_marker_listing_override\":false,\"zoom_level_on_marker_listing_click\":\"\",\"datatable_no_result_message\":\"\",\"remove_search_box_datables\":false,\"dataTable_pagination_style\":\"page-number-buttons-only\",\"datatable_search_string\":\"\",\"datatable_result_start\":\"\",\"datatable_result_of\":\"\",\"datatable_result_to\":\"\",\"datatable_result_total\":\"\",\"datatable_result_show\":\"\",\"datatable_result_entries\":\"\",\"wpgmza_savemap\":\"Karte speichern \\u00bb\",\"shortcodeAttributes\":{\"id\":\"1\"},\"wpgmza_iw_type\":\"0\",\"wpgmza_theme_data\":\"[{\\\"featureType\\\":\\\"administrative.locality\\\",\\\"elementType\\\":\\\"all\\\",\\\"stylers\\\":[{\\\"hue\\\":\\\"#2c2e33\\\"},{\\\"saturation\\\":7},{\\\"lightness\\\":19},{\\\"visibility\\\":\\\"on\\\"}]},{\\\"featureType\\\":\\\"landscape\\\",\\\"elementType\\\":\\\"all\\\",\\\"stylers\\\":[{\\\"hue\\\":\\\"#ffffff\\\"},{\\\"saturation\\\":-100},{\\\"lightness\\\":100},{\\\"visibility\\\":\\\"simplified\\\"}]},{\\\"featureType\\\":\\\"poi\\\",\\\"elementType\\\":\\\"all\\\",\\\"stylers\\\":[{\\\"hue\\\":\\\"#ffffff\\\"},{\\\"saturation\\\":-100},{\\\"lightness\\\":100},{\\\"visibility\\\":\\\"off\\\"}]},{\\\"featureType\\\":\\\"road\\\",\\\"elementType\\\":\\\"geometry\\\",\\\"stylers\\\":[{\\\"hue\\\":\\\"#bbc0c4\\\"},{\\\"saturation\\\":-93},{\\\"lightness\\\":31},{\\\"visibility\\\":\\\"simplified\\\"}]},{\\\"featureType\\\":\\\"road\\\",\\\"elementType\\\":\\\"labels\\\",\\\"stylers\\\":[{\\\"hue\\\":\\\"#bbc0c4\\\"},{\\\"saturation\\\":-93},{\\\"lightness\\\":31},{\\\"visibility\\\":\\\"on\\\"}]},{\\\"featureType\\\":\\\"road.arterial\\\",\\\"elementType\\\":\\\"labels\\\",\\\"stylers\\\":[{\\\"hue\\\":\\\"#bbc0c4\\\"},{\\\"saturation\\\":-93},{\\\"lightness\\\":-2},{\\\"visibility\\\":\\\"simplified\\\"}]},{\\\"featureType\\\":\\\"road.local\\\",\\\"elementType\\\":\\\"geometry\\\",\\\"stylers\\\":[{\\\"hue\\\":\\\"#e9ebed\\\"},{\\\"saturation\\\":-90},{\\\"lightness\\\":-8},{\\\"visibility\\\":\\\"simplified\\\"}]},{\\\"featureType\\\":\\\"transit\\\",\\\"elementType\\\":\\\"all\\\",\\\"stylers\\\":[{\\\"hue\\\":\\\"#e9ebed\\\"},{\\\"saturation\\\":10},{\\\"lightness\\\":69},{\\\"visibility\\\":\\\"on\\\"}]},{\\\"featureType\\\":\\\"water\\\",\\\"elementType\\\":\\\"all\\\",\\\"stylers\\\":[{\\\"hue\\\":\\\"#e9ebed\\\"},{\\\"saturation\\\":-78},{\\\"lightness\\\":67},{\\\"visibility\\\":\\\"simplified\\\"}]}]\",\"wpgmza_push_in_map\":false,\"wpgmza_push_in_map_placement\":\"1\",\"wpgmza_push_in_map_width\":\"\",\"wpgmza_push_in_map_height\":\"\",\"wpgmza_theme\":\"7\",\"store_locator_location_placeholder\":\"\",\"marker_listing_disable_zoom\":false}}' data-map-id='1' data-shortcode-attributes='{\"id\":\"1\"}'> <\/div>\r\n            <div class=\"wpgmza-store-locator wpgmza_sl_main_div\" data-id=\"1\">\r\n\t<div class=\"wpgmza-address-container wpgmza-form-field wpgmza_sl_query_div\">\r\n\t\t<label class=\"wpgmza-address wpgmza-form-field__label wpgmza-form-field__label--float\" data-name=\"addressLabel\" for=\"addressInput_1\">PLZ oder Ort<\/label>\r\n\t\t<input class=\"wpgmza-address addressInput\" type=\"text\" placeholder=\"Enter a location\" autocomplete=\"off\" data-name=\"defaultAddress\" value=\"\" id=\"addressInput_1\" size=\"20\" aria-label=\"PLZ oder Ort\">\r\n\t<\/div>\r\n\t\r\n\t<div class=\"wpgmza-radius-container wpgmza-form-field wpgmza_sl_radius_div wpgmza-clearfix\">\r\n\t\t<label class=\"wpgmza-radius wpgmza-form-field__label wpgmza-form-field__label--float\" for=\"radiusSelect_1\">\r\n\t\t\tRadius:\t\t<\/label>\r\n\t\t<select class=\"wpgmza-radius wpgmza-form-field__input wpgmza_sl_radius_select\" id=\"radiusSelect_1\" aria-label=\"Radius:\"><option class=\"wpgmza-radius wpgmza_sl_select_option\" value=\"1\">1km<\/option><option class=\"wpgmza-radius wpgmza_sl_select_option\" value=\"5\">5km<\/option><option class=\"wpgmza-radius wpgmza_sl_select_option\" value=\"10\" selected>10km<\/option><option class=\"wpgmza-radius wpgmza_sl_select_option\" value=\"25\">25km<\/option><option class=\"wpgmza-radius wpgmza_sl_select_option\" value=\"50\">50km<\/option><option class=\"wpgmza-radius wpgmza_sl_select_option\" value=\"75\">75km<\/option><option class=\"wpgmza-radius wpgmza_sl_select_option\" value=\"100\">100km<\/option><option class=\"wpgmza-radius wpgmza_sl_select_option\" value=\"150\">150km<\/option><option class=\"wpgmza-radius wpgmza_sl_select_option\" value=\"200\">200km<\/option><option class=\"wpgmza-radius wpgmza_sl_select_option\" value=\"300\">300km<\/option><\/select>\r\n\t<\/div>\r\n\t\r\n\t<div class=\"wpgmza-search wpgmza_sl_search_button_div\"><input class=\"wpgmza-search wpgmza_sl_search_button_1\" value=\"Search\" type=\"button\" onclick=\"searchLocations(1)\" mid=\"1\"><\/div>\r\n\t\r\n\t<div class=\"wpgmza-reset wpgmza_sl_reset_button_div\">\n\t<input class=\"wpgmza-reset wpgmza_sl_reset_button_1\" type=\"button\" value=\"Reset\" mid=\"1\" onclick=\"resetLocations(1)\">\n<\/div><div class=\"wpgmza-no-results wpgmza-not-found-msg js-not-found-msg\" style=\"display: none;\">\r\n\t\t<p data-name=\"notFoundMessage\">Es konnten keine L\u00e4den gefunden werden. Bitte vergr\u00f6\u00dfere deinen Radius.<\/p>\r\n\t<\/div>\r\n<\/div>\r\n            <div data-wpgmza-table data-wpgmza-php-class=\"WPGMZA\\MarkerListing\\BasicList\" data-wpgmza-rest-api-route=\"\/marker-listing\/\" data-wpgmza-marker-listing=\"true\" class=\"wpgmza_marker_list_class\" style=\"width:100%;\" data-wpgmza-ajax-parameters='{\"map_id\":\"1\"}' id=\"wpgmza_marker_list_1\"><\/div>   \r\n        \n<\/div><\/div><\/div><\/div><\/div>\n","protected":false},"excerpt":{"rendered":"","protected":false},"author":321,"featured_media":0,"parent":0,"menu_order":0,"comment_status":"closed","ping_status":"closed","template":"","meta":{"_acf_changed":false,"inline_featured_image":false,"footnotes":""},"class_list":["post-40943","page","type-page","status-publish","hentry"],"acf":[],"yoast_head":"<!-- This site is optimized with the Yoast SEO plugin v27.3 - https:\/\/yoast.com\/product\/yoast-seo-wordpress\/ -->\n<title>Dealer list - Orangenkinder\u00ae Kinderschuhe<\/title>\n<meta name=\"robots\" content=\"noindex, follow, max-snippet:-1, max-image-preview:large, max-video-preview:-1\" \/>\n<meta property=\"og:locale\" content=\"en_GB\" \/>\n<meta property=\"og:type\" content=\"article\" \/>\n<meta property=\"og:title\" content=\"Dealer list - Orangenkinder\u00ae Kinderschuhe\" \/>\n<meta property=\"og:url\" content=\"https:\/\/orangenkinder.concloo.net\/en\/dealer-list\/\" \/>\n<meta property=\"og:site_name\" content=\"Orangenkinder\u00ae Kinderschuhe\" \/>\n<meta property=\"article:publisher\" content=\"https:\/\/www.facebook.com\/Orangenkinder\" \/>\n<meta property=\"article:modified_time\" content=\"2025-12-09T08:09:16+00:00\" \/>\n<meta name=\"twitter:card\" content=\"summary_large_image\" \/>\n<meta name=\"twitter:label1\" content=\"Estimated reading time\" \/>\n\t<meta name=\"twitter:data1\" content=\"4 minutes\" \/>\n<script type=\"application\/ld+json\" class=\"yoast-schema-graph\">{\"@context\":\"https:\\\/\\\/schema.org\",\"@graph\":[{\"@type\":\"WebPage\",\"@id\":\"https:\\\/\\\/orangenkinder.concloo.net\\\/en\\\/dealer-list\\\/\",\"url\":\"https:\\\/\\\/orangenkinder.concloo.net\\\/en\\\/dealer-list\\\/\",\"name\":\"Dealer list - Orangenkinder\u00ae Kinderschuhe\",\"isPartOf\":{\"@id\":\"https:\\\/\\\/orangenkinder.concloo.net\\\/en\\\/#website\"},\"datePublished\":\"2021-10-18T10:26:25+00:00\",\"dateModified\":\"2025-12-09T08:09:16+00:00\",\"breadcrumb\":{\"@id\":\"https:\\\/\\\/orangenkinder.concloo.net\\\/en\\\/dealer-list\\\/#breadcrumb\"},\"inLanguage\":\"en-GB\",\"potentialAction\":[{\"@type\":\"ReadAction\",\"target\":[\"https:\\\/\\\/orangenkinder.concloo.net\\\/en\\\/dealer-list\\\/\"]}]},{\"@type\":\"BreadcrumbList\",\"@id\":\"https:\\\/\\\/orangenkinder.concloo.net\\\/en\\\/dealer-list\\\/#breadcrumb\",\"itemListElement\":[{\"@type\":\"ListItem\",\"position\":1,\"name\":\"Startseite\",\"item\":\"https:\\\/\\\/orangenkinder.concloo.net\\\/en\\\/\"},{\"@type\":\"ListItem\",\"position\":2,\"name\":\"Dealer list\"}]},{\"@type\":\"WebSite\",\"@id\":\"https:\\\/\\\/orangenkinder.concloo.net\\\/en\\\/#website\",\"url\":\"https:\\\/\\\/orangenkinder.concloo.net\\\/en\\\/\",\"name\":\"Orangenkinder\u00ae Kinderschuhe\",\"description\":\"\",\"publisher\":{\"@id\":\"https:\\\/\\\/orangenkinder.concloo.net\\\/en\\\/#organization\"},\"potentialAction\":[{\"@type\":\"SearchAction\",\"target\":{\"@type\":\"EntryPoint\",\"urlTemplate\":\"https:\\\/\\\/orangenkinder.concloo.net\\\/en\\\/?s={search_term_string}\"},\"query-input\":{\"@type\":\"PropertyValueSpecification\",\"valueRequired\":true,\"valueName\":\"search_term_string\"}}],\"inLanguage\":\"en-GB\"},{\"@type\":\"Organization\",\"@id\":\"https:\\\/\\\/orangenkinder.concloo.net\\\/en\\\/#organization\",\"name\":\"Orangenkinder\u00ae Kinderschuhe\",\"url\":\"https:\\\/\\\/orangenkinder.concloo.net\\\/en\\\/\",\"logo\":{\"@type\":\"ImageObject\",\"inLanguage\":\"en-GB\",\"@id\":\"https:\\\/\\\/orangenkinder.concloo.net\\\/en\\\/#\\\/schema\\\/logo\\\/image\\\/\",\"url\":\"http:\\\/\\\/orangenkinder.concloo.net\\\/wp-content\\\/uploads\\\/2021\\\/11\\\/orangenkinder_col_logomittypo2000px.png\",\"contentUrl\":\"http:\\\/\\\/orangenkinder.concloo.net\\\/wp-content\\\/uploads\\\/2021\\\/11\\\/orangenkinder_col_logomittypo2000px.png\",\"width\":2000,\"height\":1532,\"caption\":\"Orangenkinder\u00ae Kinderschuhe\"},\"image\":{\"@id\":\"https:\\\/\\\/orangenkinder.concloo.net\\\/en\\\/#\\\/schema\\\/logo\\\/image\\\/\"},\"sameAs\":[\"https:\\\/\\\/www.facebook.com\\\/Orangenkinder\",\"https:\\\/\\\/www.instagram.com\\\/orangenkinder\\\/\"]}]}<\/script>\n<!-- \/ Yoast SEO plugin. -->","yoast_head_json":{"title":"Dealer list - Orangenkinder\u00ae Kinderschuhe","robots":{"index":"noindex","follow":"follow","max-snippet":"max-snippet:-1","max-image-preview":"max-image-preview:large","max-video-preview":"max-video-preview:-1"},"og_locale":"en_GB","og_type":"article","og_title":"Dealer list - Orangenkinder\u00ae Kinderschuhe","og_url":"https:\/\/orangenkinder.concloo.net\/en\/dealer-list\/","og_site_name":"Orangenkinder\u00ae Kinderschuhe","article_publisher":"https:\/\/www.facebook.com\/Orangenkinder","article_modified_time":"2025-12-09T08:09:16+00:00","twitter_card":"summary_large_image","twitter_misc":{"Estimated reading time":"4 minutes"},"schema":{"@context":"https:\/\/schema.org","@graph":[{"@type":"WebPage","@id":"https:\/\/orangenkinder.concloo.net\/en\/dealer-list\/","url":"https:\/\/orangenkinder.concloo.net\/en\/dealer-list\/","name":"Dealer list - Orangenkinder\u00ae Kinderschuhe","isPartOf":{"@id":"https:\/\/orangenkinder.concloo.net\/en\/#website"},"datePublished":"2021-10-18T10:26:25+00:00","dateModified":"2025-12-09T08:09:16+00:00","breadcrumb":{"@id":"https:\/\/orangenkinder.concloo.net\/en\/dealer-list\/#breadcrumb"},"inLanguage":"en-GB","potentialAction":[{"@type":"ReadAction","target":["https:\/\/orangenkinder.concloo.net\/en\/dealer-list\/"]}]},{"@type":"BreadcrumbList","@id":"https:\/\/orangenkinder.concloo.net\/en\/dealer-list\/#breadcrumb","itemListElement":[{"@type":"ListItem","position":1,"name":"Startseite","item":"https:\/\/orangenkinder.concloo.net\/en\/"},{"@type":"ListItem","position":2,"name":"Dealer list"}]},{"@type":"WebSite","@id":"https:\/\/orangenkinder.concloo.net\/en\/#website","url":"https:\/\/orangenkinder.concloo.net\/en\/","name":"Orangenkinder\u00ae Kinderschuhe","description":"","publisher":{"@id":"https:\/\/orangenkinder.concloo.net\/en\/#organization"},"potentialAction":[{"@type":"SearchAction","target":{"@type":"EntryPoint","urlTemplate":"https:\/\/orangenkinder.concloo.net\/en\/?s={search_term_string}"},"query-input":{"@type":"PropertyValueSpecification","valueRequired":true,"valueName":"search_term_string"}}],"inLanguage":"en-GB"},{"@type":"Organization","@id":"https:\/\/orangenkinder.concloo.net\/en\/#organization","name":"Orangenkinder\u00ae Kinderschuhe","url":"https:\/\/orangenkinder.concloo.net\/en\/","logo":{"@type":"ImageObject","inLanguage":"en-GB","@id":"https:\/\/orangenkinder.concloo.net\/en\/#\/schema\/logo\/image\/","url":"http:\/\/orangenkinder.concloo.net\/wp-content\/uploads\/2021\/11\/orangenkinder_col_logomittypo2000px.png","contentUrl":"http:\/\/orangenkinder.concloo.net\/wp-content\/uploads\/2021\/11\/orangenkinder_col_logomittypo2000px.png","width":2000,"height":1532,"caption":"Orangenkinder\u00ae Kinderschuhe"},"image":{"@id":"https:\/\/orangenkinder.concloo.net\/en\/#\/schema\/logo\/image\/"},"sameAs":["https:\/\/www.facebook.com\/Orangenkinder","https:\/\/www.instagram.com\/orangenkinder\/"]}]}},"_links":{"self":[{"href":"https:\/\/orangenkinder.concloo.net\/en\/wp-json\/wp\/v2\/pages\/40943","targetHints":{"allow":["GET"]}}],"collection":[{"href":"https:\/\/orangenkinder.concloo.net\/en\/wp-json\/wp\/v2\/pages"}],"about":[{"href":"https:\/\/orangenkinder.concloo.net\/en\/wp-json\/wp\/v2\/types\/page"}],"author":[{"embeddable":true,"href":"https:\/\/orangenkinder.concloo.net\/en\/wp-json\/wp\/v2\/users\/321"}],"replies":[{"embeddable":true,"href":"https:\/\/orangenkinder.concloo.net\/en\/wp-json\/wp\/v2\/comments?post=40943"}],"version-history":[{"count":0,"href":"https:\/\/orangenkinder.concloo.net\/en\/wp-json\/wp\/v2\/pages\/40943\/revisions"}],"wp:attachment":[{"href":"https:\/\/orangenkinder.concloo.net\/en\/wp-json\/wp\/v2\/media?parent=40943"}],"curies":[{"name":"wp","href":"https:\/\/api.w.org\/{rel}","templated":true}]}}