{"id":42757,"date":"2020-11-03T15:33:46","date_gmt":"2020-11-03T14:33:46","guid":{"rendered":"http:\/\/orangenkinder.concloo.net\/shop\/uncategorized\/tapir-applicator-brush\/"},"modified":"2026-02-06T13:20:40","modified_gmt":"2026-02-06T12:20:40","slug":"tapir-applicator-brush","status":"publish","type":"product","link":"https:\/\/orangenkinder.concloo.net\/en\/shop\/accessories-supplies\/tapir-applicator-brush\/","title":{"rendered":"TAPIR Applicator Brush"},"content":{"rendered":"<div class=\"fusion-fullwidth fullwidth-box fusion-builder-row-1 fusion-flex-container nonhundred-percent-fullwidth non-hundred-percent-height-scrolling\" style=\"--awb-border-radius-top-left:0px;--awb-border-radius-top-right:0px;--awb-border-radius-bottom-right:0px;--awb-border-radius-bottom-left:0px;--awb-flex-wrap:wrap;\" ><div class=\"fusion-builder-row fusion-row fusion-flex-align-items-flex-start fusion-flex-content-wrap\" style=\"max-width:1248px;margin-left: calc(-4% \/ 2 );margin-right: calc(-4% \/ 2 );\"><div class=\"fusion-layout-column fusion_builder_column fusion-builder-column-0 fusion_builder_column_1_1 1_1 fusion-flex-column\" style=\"--awb-bg-size:cover;--awb-width-large:100%;--awb-margin-top-large:0px;--awb-spacing-right-large:1.92%;--awb-margin-bottom-large:0px;--awb-spacing-left-large:1.92%;--awb-width-medium:100%;--awb-spacing-right-medium:1.92%;--awb-spacing-left-medium:1.92%;--awb-width-small:100%;--awb-spacing-right-small:1.92%;--awb-spacing-left-small:1.92%;\"><div class=\"fusion-column-wrapper fusion-flex-justify-content-flex-start fusion-content-layout-column\"><div class=\"fusion-text fusion-text-1\"><p>This small, round applicator brush, fitted with light horsehair, is super easy for kids to handle. Cleaning becomes a real joy! :-) <\/p>\n<p>The brush fits comfortably in your hand and is especially practical for applying care products evenly and effectively to the leather.<\/p>\n<p><strong>IMPORTANT:<\/strong> Please remember that dark and light areas, especially with SOFT slippers, should be treated separately to avoid any color changes. Our appliqu\u00e9s are crafted with great attention to detail, wonderfully combining stickers, fabrics, and leather appliqu\u00e9s. To best preserve the appliqu\u00e9s, they should preferably only be brushed and not necessarily greased or smeared.  <\/p>\n<p><strong>P.S.<\/strong> We don&#8217;t just love TAPIR products; we also think the company philosophy of this manufacturer is simply great. If you want to learn more about TAPIR, there&#8217;s a <a href=\"https:\/\/www.youtube.com\/watch?v=raT5IIESz6o\" target=\"_blank\" rel=\"noopener noreferrer\">film<\/a> about this fantastic company here.<\/p>\n<\/div><\/div><\/div><\/div><\/div>\n","protected":false},"excerpt":{"rendered":"<p>Applicator brush for leather care, made of light horsehair.<\/p>\n","protected":false},"featured_media":37483,"comment_status":"closed","ping_status":"closed","template":"","meta":{"_acf_changed":false,"inline_featured_image":false},"product_brand":[],"product_cat":[437],"product_tag":[485],"class_list":{"0":"post-42757","1":"product","2":"type-product","3":"status-publish","4":"has-post-thumbnail","6":"product_cat-accessories-supplies","7":"product_tag-leather-care","9":"first","10":"instock","11":"taxable","12":"shipping-taxable","13":"purchasable","14":"product-type-simple"},"acf":[],"yoast_head":"<!-- This site is optimized with the Yoast SEO plugin v27.3 - https:\/\/yoast.com\/product\/yoast-seo-wordpress\/ -->\n<title>TAPIR Applicator Brush - Orangenkinder\u00ae Kinderschuhe<\/title>\n<meta name=\"robots\" content=\"noindex, follow, max-snippet:-1, max-image-preview:large, max-video-preview:-1\" \/>\n<meta property=\"og:locale\" content=\"en_GB\" \/>\n<meta property=\"og:type\" content=\"article\" \/>\n<meta property=\"og:title\" content=\"TAPIR Applicator Brush - Orangenkinder\u00ae Kinderschuhe\" \/>\n<meta property=\"og:description\" content=\"Applicator brush for leather care, made of light horsehair.\" \/>\n<meta property=\"og:url\" content=\"https:\/\/orangenkinder.concloo.net\/en\/shop\/accessories-supplies\/tapir-applicator-brush\/\" \/>\n<meta property=\"og:site_name\" content=\"Orangenkinder\u00ae Kinderschuhe\" \/>\n<meta property=\"article:publisher\" content=\"https:\/\/www.facebook.com\/Orangenkinder\" \/>\n<meta property=\"article:modified_time\" content=\"2026-02-06T12:20:40+00:00\" \/>\n<meta property=\"og:image\" content=\"https:\/\/orangenkinder.concloo.net\/wp-content\/uploads\/2020\/11\/auftragsbuerste2.jpg\" \/>\n\t<meta property=\"og:image:width\" content=\"1500\" \/>\n\t<meta property=\"og:image:height\" content=\"1500\" \/>\n\t<meta property=\"og:image:type\" content=\"image\/jpeg\" \/>\n<meta name=\"twitter:card\" content=\"summary_large_image\" \/>\n<meta name=\"twitter:label1\" content=\"Estimated reading time\" \/>\n\t<meta name=\"twitter:data1\" content=\"2 minutes\" \/>\n<script type=\"application\/ld+json\" class=\"yoast-schema-graph\">{\"@context\":\"https:\\\/\\\/schema.org\",\"@graph\":[{\"@type\":\"WebPage\",\"@id\":\"https:\\\/\\\/orangenkinder.concloo.net\\\/en\\\/shop\\\/accessories-supplies\\\/tapir-applicator-brush\\\/\",\"url\":\"https:\\\/\\\/orangenkinder.concloo.net\\\/en\\\/shop\\\/accessories-supplies\\\/tapir-applicator-brush\\\/\",\"name\":\"TAPIR Applicator Brush - Orangenkinder\u00ae Kinderschuhe\",\"isPartOf\":{\"@id\":\"https:\\\/\\\/orangenkinder.concloo.net\\\/en\\\/#website\"},\"primaryImageOfPage\":{\"@id\":\"https:\\\/\\\/orangenkinder.concloo.net\\\/en\\\/shop\\\/accessories-supplies\\\/tapir-applicator-brush\\\/#primaryimage\"},\"image\":{\"@id\":\"https:\\\/\\\/orangenkinder.concloo.net\\\/en\\\/shop\\\/accessories-supplies\\\/tapir-applicator-brush\\\/#primaryimage\"},\"thumbnailUrl\":\"https:\\\/\\\/orangenkinder.concloo.net\\\/wp-content\\\/uploads\\\/2020\\\/11\\\/auftragsbuerste2.jpg\",\"datePublished\":\"2020-11-03T14:33:46+00:00\",\"dateModified\":\"2026-02-06T12:20:40+00:00\",\"breadcrumb\":{\"@id\":\"https:\\\/\\\/orangenkinder.concloo.net\\\/en\\\/shop\\\/accessories-supplies\\\/tapir-applicator-brush\\\/#breadcrumb\"},\"inLanguage\":\"en-GB\",\"potentialAction\":[{\"@type\":\"ReadAction\",\"target\":[\"https:\\\/\\\/orangenkinder.concloo.net\\\/en\\\/shop\\\/accessories-supplies\\\/tapir-applicator-brush\\\/\"]}]},{\"@type\":\"ImageObject\",\"inLanguage\":\"en-GB\",\"@id\":\"https:\\\/\\\/orangenkinder.concloo.net\\\/en\\\/shop\\\/accessories-supplies\\\/tapir-applicator-brush\\\/#primaryimage\",\"url\":\"https:\\\/\\\/orangenkinder.concloo.net\\\/wp-content\\\/uploads\\\/2020\\\/11\\\/auftragsbuerste2.jpg\",\"contentUrl\":\"https:\\\/\\\/orangenkinder.concloo.net\\\/wp-content\\\/uploads\\\/2020\\\/11\\\/auftragsbuerste2.jpg\",\"width\":1500,\"height\":1500},{\"@type\":\"BreadcrumbList\",\"@id\":\"https:\\\/\\\/orangenkinder.concloo.net\\\/en\\\/shop\\\/accessories-supplies\\\/tapir-applicator-brush\\\/#breadcrumb\",\"itemListElement\":[{\"@type\":\"ListItem\",\"position\":1,\"name\":\"Startseite\",\"item\":\"https:\\\/\\\/orangenkinder.concloo.net\\\/en\\\/\"},{\"@type\":\"ListItem\",\"position\":2,\"name\":\"Accessories &amp; supplies\",\"item\":\"https:\\\/\\\/orangenkinder.concloo.net\\\/en\\\/kategorie\\\/accessories-supplies\\\/\"},{\"@type\":\"ListItem\",\"position\":3,\"name\":\"TAPIR Applicator Brush\"}]},{\"@type\":\"WebSite\",\"@id\":\"https:\\\/\\\/orangenkinder.concloo.net\\\/en\\\/#website\",\"url\":\"https:\\\/\\\/orangenkinder.concloo.net\\\/en\\\/\",\"name\":\"Orangenkinder\u00ae Kinderschuhe\",\"description\":\"\",\"publisher\":{\"@id\":\"https:\\\/\\\/orangenkinder.concloo.net\\\/en\\\/#organization\"},\"potentialAction\":[{\"@type\":\"SearchAction\",\"target\":{\"@type\":\"EntryPoint\",\"urlTemplate\":\"https:\\\/\\\/orangenkinder.concloo.net\\\/en\\\/?s={search_term_string}\"},\"query-input\":{\"@type\":\"PropertyValueSpecification\",\"valueRequired\":true,\"valueName\":\"search_term_string\"}}],\"inLanguage\":\"en-GB\"},{\"@type\":\"Organization\",\"@id\":\"https:\\\/\\\/orangenkinder.concloo.net\\\/en\\\/#organization\",\"name\":\"Orangenkinder\u00ae Kinderschuhe\",\"url\":\"https:\\\/\\\/orangenkinder.concloo.net\\\/en\\\/\",\"logo\":{\"@type\":\"ImageObject\",\"inLanguage\":\"en-GB\",\"@id\":\"https:\\\/\\\/orangenkinder.concloo.net\\\/en\\\/#\\\/schema\\\/logo\\\/image\\\/\",\"url\":\"http:\\\/\\\/orangenkinder.concloo.net\\\/wp-content\\\/uploads\\\/2021\\\/11\\\/orangenkinder_col_logomittypo2000px.png\",\"contentUrl\":\"http:\\\/\\\/orangenkinder.concloo.net\\\/wp-content\\\/uploads\\\/2021\\\/11\\\/orangenkinder_col_logomittypo2000px.png\",\"width\":2000,\"height\":1532,\"caption\":\"Orangenkinder\u00ae Kinderschuhe\"},\"image\":{\"@id\":\"https:\\\/\\\/orangenkinder.concloo.net\\\/en\\\/#\\\/schema\\\/logo\\\/image\\\/\"},\"sameAs\":[\"https:\\\/\\\/www.facebook.com\\\/Orangenkinder\",\"https:\\\/\\\/www.instagram.com\\\/orangenkinder\\\/\"]}]}<\/script>\n<!-- \/ Yoast SEO plugin. -->","yoast_head_json":{"title":"TAPIR Applicator Brush - Orangenkinder\u00ae Kinderschuhe","robots":{"index":"noindex","follow":"follow","max-snippet":"max-snippet:-1","max-image-preview":"max-image-preview:large","max-video-preview":"max-video-preview:-1"},"og_locale":"en_GB","og_type":"article","og_title":"TAPIR Applicator Brush - Orangenkinder\u00ae Kinderschuhe","og_description":"Applicator brush for leather care, made of light horsehair.","og_url":"https:\/\/orangenkinder.concloo.net\/en\/shop\/accessories-supplies\/tapir-applicator-brush\/","og_site_name":"Orangenkinder\u00ae Kinderschuhe","article_publisher":"https:\/\/www.facebook.com\/Orangenkinder","article_modified_time":"2026-02-06T12:20:40+00:00","og_image":[{"width":1500,"height":1500,"url":"https:\/\/orangenkinder.concloo.net\/wp-content\/uploads\/2020\/11\/auftragsbuerste2.jpg","type":"image\/jpeg"}],"twitter_card":"summary_large_image","twitter_misc":{"Estimated reading time":"2 minutes"},"schema":{"@context":"https:\/\/schema.org","@graph":[{"@type":"WebPage","@id":"https:\/\/orangenkinder.concloo.net\/en\/shop\/accessories-supplies\/tapir-applicator-brush\/","url":"https:\/\/orangenkinder.concloo.net\/en\/shop\/accessories-supplies\/tapir-applicator-brush\/","name":"TAPIR Applicator Brush - Orangenkinder\u00ae Kinderschuhe","isPartOf":{"@id":"https:\/\/orangenkinder.concloo.net\/en\/#website"},"primaryImageOfPage":{"@id":"https:\/\/orangenkinder.concloo.net\/en\/shop\/accessories-supplies\/tapir-applicator-brush\/#primaryimage"},"image":{"@id":"https:\/\/orangenkinder.concloo.net\/en\/shop\/accessories-supplies\/tapir-applicator-brush\/#primaryimage"},"thumbnailUrl":"https:\/\/orangenkinder.concloo.net\/wp-content\/uploads\/2020\/11\/auftragsbuerste2.jpg","datePublished":"2020-11-03T14:33:46+00:00","dateModified":"2026-02-06T12:20:40+00:00","breadcrumb":{"@id":"https:\/\/orangenkinder.concloo.net\/en\/shop\/accessories-supplies\/tapir-applicator-brush\/#breadcrumb"},"inLanguage":"en-GB","potentialAction":[{"@type":"ReadAction","target":["https:\/\/orangenkinder.concloo.net\/en\/shop\/accessories-supplies\/tapir-applicator-brush\/"]}]},{"@type":"ImageObject","inLanguage":"en-GB","@id":"https:\/\/orangenkinder.concloo.net\/en\/shop\/accessories-supplies\/tapir-applicator-brush\/#primaryimage","url":"https:\/\/orangenkinder.concloo.net\/wp-content\/uploads\/2020\/11\/auftragsbuerste2.jpg","contentUrl":"https:\/\/orangenkinder.concloo.net\/wp-content\/uploads\/2020\/11\/auftragsbuerste2.jpg","width":1500,"height":1500},{"@type":"BreadcrumbList","@id":"https:\/\/orangenkinder.concloo.net\/en\/shop\/accessories-supplies\/tapir-applicator-brush\/#breadcrumb","itemListElement":[{"@type":"ListItem","position":1,"name":"Startseite","item":"https:\/\/orangenkinder.concloo.net\/en\/"},{"@type":"ListItem","position":2,"name":"Accessories &amp; supplies","item":"https:\/\/orangenkinder.concloo.net\/en\/kategorie\/accessories-supplies\/"},{"@type":"ListItem","position":3,"name":"TAPIR Applicator Brush"}]},{"@type":"WebSite","@id":"https:\/\/orangenkinder.concloo.net\/en\/#website","url":"https:\/\/orangenkinder.concloo.net\/en\/","name":"Orangenkinder\u00ae Kinderschuhe","description":"","publisher":{"@id":"https:\/\/orangenkinder.concloo.net\/en\/#organization"},"potentialAction":[{"@type":"SearchAction","target":{"@type":"EntryPoint","urlTemplate":"https:\/\/orangenkinder.concloo.net\/en\/?s={search_term_string}"},"query-input":{"@type":"PropertyValueSpecification","valueRequired":true,"valueName":"search_term_string"}}],"inLanguage":"en-GB"},{"@type":"Organization","@id":"https:\/\/orangenkinder.concloo.net\/en\/#organization","name":"Orangenkinder\u00ae Kinderschuhe","url":"https:\/\/orangenkinder.concloo.net\/en\/","logo":{"@type":"ImageObject","inLanguage":"en-GB","@id":"https:\/\/orangenkinder.concloo.net\/en\/#\/schema\/logo\/image\/","url":"http:\/\/orangenkinder.concloo.net\/wp-content\/uploads\/2021\/11\/orangenkinder_col_logomittypo2000px.png","contentUrl":"http:\/\/orangenkinder.concloo.net\/wp-content\/uploads\/2021\/11\/orangenkinder_col_logomittypo2000px.png","width":2000,"height":1532,"caption":"Orangenkinder\u00ae Kinderschuhe"},"image":{"@id":"https:\/\/orangenkinder.concloo.net\/en\/#\/schema\/logo\/image\/"},"sameAs":["https:\/\/www.facebook.com\/Orangenkinder","https:\/\/www.instagram.com\/orangenkinder\/"]}]}},"_links":{"self":[{"href":"https:\/\/orangenkinder.concloo.net\/en\/wp-json\/wp\/v2\/product\/42757","targetHints":{"allow":["GET"]}}],"collection":[{"href":"https:\/\/orangenkinder.concloo.net\/en\/wp-json\/wp\/v2\/product"}],"about":[{"href":"https:\/\/orangenkinder.concloo.net\/en\/wp-json\/wp\/v2\/types\/product"}],"replies":[{"embeddable":true,"href":"https:\/\/orangenkinder.concloo.net\/en\/wp-json\/wp\/v2\/comments?post=42757"}],"wp:featuredmedia":[{"embeddable":true,"href":"https:\/\/orangenkinder.concloo.net\/en\/wp-json\/wp\/v2\/media\/37483"}],"wp:attachment":[{"href":"https:\/\/orangenkinder.concloo.net\/en\/wp-json\/wp\/v2\/media?parent=42757"}],"wp:term":[{"taxonomy":"product_brand","embeddable":true,"href":"https:\/\/orangenkinder.concloo.net\/en\/wp-json\/wp\/v2\/product_brand?post=42757"},{"taxonomy":"product_cat","embeddable":true,"href":"https:\/\/orangenkinder.concloo.net\/en\/wp-json\/wp\/v2\/product_cat?post=42757"},{"taxonomy":"product_tag","embeddable":true,"href":"https:\/\/orangenkinder.concloo.net\/en\/wp-json\/wp\/v2\/product_tag?post=42757"}],"curies":[{"name":"wp","href":"https:\/\/api.w.org\/{rel}","templated":true}]}}